{"id":3504,"date":"2015-02-23T08:58:05","date_gmt":"2015-02-23T08:58:05","guid":{"rendered":"http:\/\/plumbing.themerex.net\/?page_id=3504"},"modified":"2023-06-01T12:05:07","modified_gmt":"2023-06-01T10:05:07","slug":"home-1","status":"publish","type":"page","link":"https:\/\/servis-elmaks.hr\/","title":{"rendered":"Home 1"},"content":{"rendered":"\n\t\t\t<!-- START slider1 REVOLUTION SLIDER 6.5.8 --><p class=\"rs-p-wp-fix\"><\/p>\n\t\t\t<rs-module-wrap id=\"rev_slider_1_1_wrapper\" data-source=\"gallery\" style=\"visibility:hidden;background:transparent;padding:0;margin:0px auto;margin-top:0;margin-bottom:0;\">\n\t\t\t\t<rs-module id=\"rev_slider_1_1\" style=\"\" data-version=\"6.5.8\">\n\t\t\t\t\t<rs-slides>\n\t\t\t\t\t\t<rs-slide style=\"position: absolute;\" data-key=\"rs-1\" data-title=\"Slide\" data-duration=\"12990\" data-in=\"o:0;\" data-out=\"a:false;\">\n\t\t\t\t\t\t\t<img decoding=\"async\" src=\"\/\/servis-elmaks.hr\/wp-content\/plugins\/revslider\/public\/assets\/assets\/dummy.png\" title=\"Home 1\" class=\"rev-slidebg tp-rs-img rs-lazyload\" data-lazyload=\"\/\/servis-elmaks.hr\/wp-content\/uploads\/2016\/04\/Electrolux-Compact-Front-Loading-Washer-and-Dryer.jpg\" data-no-retina>\n<!--\n\t\t\t\t\t\t\t--><rs-layer\n\t\t\t\t\t\t\t\tid=\"slider-1-slide-1-layer-1\" \n\t\t\t\t\t\t\t\tdata-type=\"text\"\n\t\t\t\t\t\t\t\tdata-color=\"rgba(255,255,255,1)\"\n\t\t\t\t\t\t\t\tdata-rsp_ch=\"on\"\n\t\t\t\t\t\t\t\tdata-xy=\"xo:127px,250px,170px,25px;yo:43px,130px,190px,41px;\"\n\t\t\t\t\t\t\t\tdata-text=\"s:50,18,18,47;l:22,22,22,57;fw:500,300,300,300;\"\n\t\t\t\t\t\t\t\tdata-dim=\"w:auto,auto,auto,344px;\"\n\t\t\t\t\t\t\t\tdata-frame_1=\"x:0,0,0,0px;y:0,0,0,0px;e:power2.inOut;st:1000;sp:870;\"\n\t\t\t\t\t\t\t\tdata-frame_999=\"o:0;e:nothing;st:w;sp:1000;\"\n\t\t\t\t\t\t\t\tstyle=\"z-index:5;font-family:'Roboto';\"\n\t\t\t\t\t\t\t>Web radni nalozi: \n\t\t\t\t\t\t\t<\/rs-layer><!--\n\n\t\t\t\t\t\t\t--><a\n\t\t\t\t\t\t\t\tid=\"slider-1-slide-1-layer-2\" \n\t\t\t\t\t\t\t\tclass=\"rs-layer\"\n\t\t\t\t\t\t\t\thref=\"https:\/\/servis-elmaks.hr\/index.php\/on-line-prijava-kvara\/\" target=\"_self\"\n\t\t\t\t\t\t\t\tdata-type=\"text\"\n\t\t\t\t\t\t\t\tdata-color=\"rgba(249,249,249,1)||rgba(255,255,255,1)||rgba(255,255,255,1)||rgba(255,255,255,1)\"\n\t\t\t\t\t\t\t\tdata-rsp_ch=\"on\"\n\t\t\t\t\t\t\t\tdata-xy=\"xo:262px,250px,170px,49px;yo:162px,170px,215px,213px;\"\n\t\t\t\t\t\t\t\tdata-text=\"w:normal,nowrap,nowrap,normal;s:70,44,35,73;l:56,56,46,88;fw:700;\"\n\t\t\t\t\t\t\t\tdata-dim=\"w:288px,auto,auto,781px;h:66px,auto,auto,auto;\"\n\t\t\t\t\t\t\t\tdata-frame_1=\"x:0,0,0,0px;y:0,0,0,0px;e:power2.inOut;st:1600;sp:1000;\"\n\t\t\t\t\t\t\t\tdata-frame_999=\"o:0;e:nothing;st:w;sp:1000;\"\n\t\t\t\t\t\t\t\tstyle=\"z-index:6;font-family:'Roboto';\"\n\t\t\t\t\t\t\t>On-line \n\t\t\t\t\t\t\t<\/a><!--\n\n\t\t\t\t\t\t\t--><a\n\t\t\t\t\t\t\t\tid=\"slider-1-slide-1-layer-3\" \n\t\t\t\t\t\t\t\tclass=\"rs-layer\"\n\t\t\t\t\t\t\t\thref=\"https:\/\/servis-elmaks.hr\/index.php\/on-line-prijava-kvara\/\" target=\"_self\"\n\t\t\t\t\t\t\t\tdata-type=\"text\"\n\t\t\t\t\t\t\t\tdata-color=\"rgba(255,255,255,1)\"\n\t\t\t\t\t\t\t\tdata-rsp_ch=\"on\"\n\t\t\t\t\t\t\t\tdata-xy=\"xo:265px,150px,170px,52px;yo:232px,225px,255px,304px;\"\n\t\t\t\t\t\t\t\tdata-text=\"w:normal,nowrap,nowrap,normal;s:70,38,35,68;l:56,56,46,82;fw:500,400,400,400;\"\n\t\t\t\t\t\t\t\tdata-dim=\"w:452px,auto,auto,730px;h:79px,auto,auto,auto;\"\n\t\t\t\t\t\t\t\tdata-frame_1=\"x:0,0,0,0px;y:0,0,0,0px;e:power2.inOut;st:1900;sp:1900;\"\n\t\t\t\t\t\t\t\tdata-frame_999=\"o:0;e:nothing;st:w;\"\n\t\t\t\t\t\t\t\tstyle=\"z-index:7;font-family:'Roboto';\"\n\t\t\t\t\t\t\t>Prijava kvara \n\t\t\t\t\t\t\t<\/a><!--\n-->\t\t\t\t\t\t<\/rs-slide>\n\t\t\t\t\t\t<rs-slide style=\"position: absolute;\" data-key=\"rs-2\" data-title=\"Slide\" data-duration=\"19990\" data-in=\"o:0;\" data-out=\"a:false;\">\n\t\t\t\t\t\t\t<img decoding=\"async\" src=\"\/\/servis-elmaks.hr\/wp-content\/plugins\/revslider\/public\/assets\/assets\/dummy.png\" title=\"Home 1\" class=\"rev-slidebg tp-rs-img rs-lazyload\" data-lazyload=\"\/\/servis-elmaks.hr\/wp-content\/uploads\/2016\/05\/s_2-1.jpg\" data-no-retina>\n<!--\n\t\t\t\t\t\t\t--><a\n\t\t\t\t\t\t\t\tid=\"slider-1-slide-2-layer-1\" \n\t\t\t\t\t\t\t\tclass=\"rs-layer\"\n\t\t\t\t\t\t\t\thref=\"https:\/\/servis-elmaks.hr\/index.php\/on-line-prijava-kvara\/\" target=\"_self\"\n\t\t\t\t\t\t\t\tdata-type=\"text\"\n\t\t\t\t\t\t\t\tdata-color=\"rgba(255,255,255,1)\"\n\t\t\t\t\t\t\t\tdata-rsp_ch=\"on\"\n\t\t\t\t\t\t\t\tdata-xy=\"xo:346px,310px,100px,100px;yo:174px,115px,245px,225px;\"\n\t\t\t\t\t\t\t\tdata-text=\"s:50,24,24,20;l:28,28,28,24;fw:500;\"\n\t\t\t\t\t\t\t\tdata-frame_0=\"y:top;o:1;\"\n\t\t\t\t\t\t\t\tdata-frame_1=\"e:power2.inOut;st:700;sp:850;\"\n\t\t\t\t\t\t\t\tdata-frame_999=\"o:0;e:nothing;st:w;sp:1000;\"\n\t\t\t\t\t\t\t\tstyle=\"z-index:5;font-family:'Roboto';\"\n\t\t\t\t\t\t\t>Prijavi \n\t\t\t\t\t\t\t<\/a><!--\n\n\t\t\t\t\t\t\t--><a\n\t\t\t\t\t\t\t\tid=\"slider-1-slide-2-layer-2\" \n\t\t\t\t\t\t\t\tclass=\"rs-layer\"\n\t\t\t\t\t\t\t\thref=\"https:\/\/servis-elmaks.hr\/index.php\/on-line-prijava-kvara\/\" target=\"_self\"\n\t\t\t\t\t\t\t\tdata-type=\"text\"\n\t\t\t\t\t\t\t\tdata-color=\"rgba(255,255,255,1)\"\n\t\t\t\t\t\t\t\tdata-rsp_ch=\"on\"\n\t\t\t\t\t\t\t\tdata-xy=\"xo:500px,310px,100px,100px;yo:165px,150px,280px,260px;\"\n\t\t\t\t\t\t\t\tdata-text=\"s:50,36,36,28;l:42,42,42,36;fw:700;\"\n\t\t\t\t\t\t\t\tdata-frame_0=\"x:right;o:1;\"\n\t\t\t\t\t\t\t\tdata-frame_1=\"e:power2.inOut;st:1300;sp:1000;\"\n\t\t\t\t\t\t\t\tdata-frame_999=\"o:0;e:nothing;st:w;sp:1000;\"\n\t\t\t\t\t\t\t\tstyle=\"z-index:6;font-family:'Roboto';\"\n\t\t\t\t\t\t\t>Brzi servisni zahtjev \n\t\t\t\t\t\t\t<\/a><!--\n-->\t\t\t\t\t\t<\/rs-slide>\n\t\t\t\t\t\t<rs-slide style=\"position: absolute;\" data-key=\"rs-3\" data-title=\"Slide\" data-in=\"o:0;\" data-out=\"a:false;\">\n\t\t\t\t\t\t\t<img decoding=\"async\" src=\"\/\/servis-elmaks.hr\/wp-content\/plugins\/revslider\/public\/assets\/assets\/dummy.png\" title=\"Home 1\" class=\"rev-slidebg tp-rs-img rs-lazyload\" data-lazyload=\"\/\/servis-elmaks.hr\/wp-content\/uploads\/2016\/05\/small-space-kitchen_whirlpool-best-kitchen.jpg\" data-no-retina>\n<!--\n\t\t\t\t\t\t\t--><rs-layer\n\t\t\t\t\t\t\t\tid=\"slider-1-slide-3-layer-1\" \n\t\t\t\t\t\t\t\tdata-type=\"text\"\n\t\t\t\t\t\t\t\tdata-color=\"rgba(239,242,237,1)||rgba(239,242,237,1)||rgba(239,242,237,1)||rgba(209,50,75,1)\"\n\t\t\t\t\t\t\t\tdata-rsp_ch=\"on\"\n\t\t\t\t\t\t\t\tdata-xy=\"x:c;xo:-308px,-308px,-308px,-13px;yo:343px,343px,343px,504px;\"\n\t\t\t\t\t\t\t\tdata-text=\"s:48,48,48,34;l:56;fw:700;\"\n\t\t\t\t\t\t\t\tdata-frame_0=\"y:top;o:1;\"\n\t\t\t\t\t\t\t\tdata-frame_1=\"e:power2.inOut;st:1300;sp:1000;\"\n\t\t\t\t\t\t\t\tdata-frame_999=\"o:0;e:nothing;st:8300;sp:1000;\"\n\t\t\t\t\t\t\t\tstyle=\"z-index:5;font-family:'Roboto';\"\n\t\t\t\t\t\t\t>Treba\u0161 servis? \n\t\t\t\t\t\t\t<\/rs-layer><!--\n\n\t\t\t\t\t\t\t--><rs-layer\n\t\t\t\t\t\t\t\tid=\"slider-1-slide-3-layer-3\" \n\t\t\t\t\t\t\t\tdata-type=\"text\"\n\t\t\t\t\t\t\t\tdata-color=\"rgba(242,247,243,1)\"\n\t\t\t\t\t\t\t\tdata-rsp_ch=\"on\"\n\t\t\t\t\t\t\t\tdata-xy=\"x:c;xo:-210px,-210px,-210px,4px;yo:417px,417px,417px,581px;\"\n\t\t\t\t\t\t\t\tdata-text=\"s:50,50,50,45;l:28,28,28,25;fw:700;\"\n\t\t\t\t\t\t\t\tdata-dim=\"w:auto,auto,auto,445px;\"\n\t\t\t\t\t\t\t\tdata-frame_1=\"x:0,0,0,0px;y:0,0,0,0px;e:power2.inOut;st:3100;sp:1500;\"\n\t\t\t\t\t\t\t\tdata-frame_999=\"o:0;e:nothing;st:8300;sp:1000;\"\n\t\t\t\t\t\t\t\tstyle=\"z-index:6;font-family:'Roboto';\"\n\t\t\t\t\t\t\t>NAZOVI! 01 35 35 983 \n\t\t\t\t\t\t\t<\/rs-layer><!--\n-->\t\t\t\t\t\t<\/rs-slide>\n\t\t\t\t\t<\/rs-slides>\n\t\t\t\t<\/rs-module>\n\t\t\t\t<script type=\"text\/javascript\">\n\t\t\t\t\tsetREVStartSize({c: 'rev_slider_1_1',rl:[1240,1024,778,480],el:[500,768,960,720],gw:[1150,1024,778,480],gh:[500,768,960,720],type:'standard',justify:'',layout:'fullwidth',mh:\"0\"});if (window.RS_MODULES!==undefined && window.RS_MODULES.modules!==undefined && window.RS_MODULES.modules[\"revslider11\"]!==undefined) {window.RS_MODULES.modules[\"revslider11\"].once = false;window.revapi1 = undefined;if (window.RS_MODULES.checkMinimal!==undefined) window.RS_MODULES.checkMinimal()}\n\t\t\t\t<\/script>\n\t\t\t<\/rs-module-wrap>\n\t\t\t<!-- END REVOLUTION SLIDER -->\n\n<p style=\"text-align: center;\"><strong>Ovla\u0161teni smo servis za najve\u0107e svjetske proizvo\u0111a\u010de ku\u0107anskih aparata kao \u0161to su: Aeg, Electrolux, Zanussi, Bosch, Siemens, Whirlpool, Indesit, Ariston, Bauknecht ili IKEA <\/strong><strong>na podru\u010dju gradova: Zagreb, Zapre\u0161i\u0107, Velika Gorica, Samobor, kao i cijele Zagreba\u010dke \u017eupanije te Krapinsko-Zagorske \u017eupanije.<\/strong><\/p>\n<p style=\"text-align: center;\"><strong>Whirlpool, Indesit, Ariston dodatno pokrivamo i podru\u010dje Karlova\u010dke \u017eupanije<\/strong><img loading=\"lazy\" decoding=\"async\" src=\"http:\/\/servis-elmaks.hr\/wp-content\/uploads\/2019\/01\/servis.png\" alt=\"\" width=\"1890\" height=\"720\" \/><\/p>\n","protected":false},"excerpt":{"rendered":"<p>Ovla\u0161teni smo servis za najve\u0107e svjetske proizvo\u0111a\u010de ku\u0107anskih aparata kao \u0161to su: Aeg, Electrolux, Zanussi, Bosch, Siemens, Whirlpool, Indesit, Ariston, Bauknecht ili IKEA na podru\u010dju gradova: Zagreb, Zapre\u0161i\u0107, Velika Gorica, Samobor, kao i cijele Zagreba\u010dke \u017eupanije te Krapinsko-Zagorske \u017eupanije. Whirlpool, Indesit, Ariston dodatno pokrivamo i podru\u010dje Karlova\u010dke \u017eupanije<\/p>\n","protected":false},"author":1,"featured_media":0,"parent":0,"menu_order":0,"comment_status":"open","ping_status":"closed","template":"","meta":{"footnotes":""},"class_list":["post-3504","page","type-page","status-publish","hentry"],"jetpack_sharing_enabled":true,"_links":{"self":[{"href":"https:\/\/servis-elmaks.hr\/index.php\/wp-json\/wp\/v2\/pages\/3504","targetHints":{"allow":["GET"]}}],"collection":[{"href":"https:\/\/servis-elmaks.hr\/index.php\/wp-json\/wp\/v2\/pages"}],"about":[{"href":"https:\/\/servis-elmaks.hr\/index.php\/wp-json\/wp\/v2\/types\/page"}],"author":[{"embeddable":true,"href":"https:\/\/servis-elmaks.hr\/index.php\/wp-json\/wp\/v2\/users\/1"}],"replies":[{"embeddable":true,"href":"https:\/\/servis-elmaks.hr\/index.php\/wp-json\/wp\/v2\/comments?post=3504"}],"version-history":[{"count":13,"href":"https:\/\/servis-elmaks.hr\/index.php\/wp-json\/wp\/v2\/pages\/3504\/revisions"}],"predecessor-version":[{"id":10974,"href":"https:\/\/servis-elmaks.hr\/index.php\/wp-json\/wp\/v2\/pages\/3504\/revisions\/10974"}],"wp:attachment":[{"href":"https:\/\/servis-elmaks.hr\/index.php\/wp-json\/wp\/v2\/media?parent=3504"}],"curies":[{"name":"wp","href":"https:\/\/api.w.org\/{rel}","templated":true}]}}